{"id":2485,"date":"2025-05-28T20:54:53","date_gmt":"2025-05-28T18:54:53","guid":{"rendered":"https:\/\/cruisearoya.com\/about-us\/"},"modified":"2025-06-08T11:42:41","modified_gmt":"2025-06-08T09:42:41","slug":"uber-uns","status":"publish","type":"page","link":"https:\/\/cruisearoya.com\/de\/uber-uns\/","title":{"rendered":"\u00dcber Uns"},"content":{"rendered":"\n<div class=\"wp-block-group has-global-padding is-layout-constrained wp-block-group-is-layout-constrained\">\n<div class=\"wp-block-columns alignwide is-layout-flex wp-container-core-columns-is-layout-28f84493 wp-block-columns-is-layout-flex\">\n<div class=\"wp-block-column is-vertically-aligned-center is-layout-flow wp-block-column-is-layout-flow\">\n<div class=\"wp-block-group has-global-padding is-layout-constrained wp-container-core-group-is-layout-a35945ca wp-block-group-is-layout-constrained\" style=\"padding-top:var(--wp--preset--spacing--30);padding-right:var(--wp--preset--spacing--30);padding-bottom:var(--wp--preset--spacing--30);padding-left:var(--wp--preset--spacing--30)\">\n<h1 class=\"wp-block-heading\">AROYA Cruises<\/h1>\n\n\n\n<p>AROYA Cruises ist eine neue Welt der Entdeckungen auf See \u2013 stolz darauf, die erste Kreuzfahrtlinie zu sein, die speziell nach arabischen Vorlieben gestaltet wurde. Vom Moment des Einstiegs an erleben Sie echte arabische Gastfreundschaft, au\u00dfergew\u00f6hnlichen Komfort und unvergessliche Momente, inspiriert von der reichen Kultur und Herzlichkeit der Region.<\/p>\n\n\n\n<p>Der Name, AROYA, ist eine Kombination aus \u201eArabian\u201c und \u201eRoya\u201c \u2013 dem arabischen Wort f\u00fcr Vision oder Traum \u2013 und spiegelt unsere Mission wider, das Reisen auf See f\u00fcr G\u00e4ste, die ein hochwertiges und kulturell bereicherndes Erlebnis suchen, neu zu definieren. Jedes Detail an Bord wurde sorgf\u00e4ltig ausgew\u00e4hlt, um den Geschmack, die Traditionen und Erwartungen arabischer G\u00e4ste zu erf\u00fcllen und dabei Kreuzfahrten auf h\u00f6chstem internationalem Niveau zu bieten.<\/p>\n<\/div>\n<\/div>\n\n\n\n<div class=\"wp-block-column is-layout-flow wp-block-column-is-layout-flow\" style=\"padding-right:var(--wp--preset--spacing--40);padding-left:var(--wp--preset--spacing--40)\">\n<div class=\"wp-block-cover is-light\" style=\"border-top-left-radius:8em;border-bottom-right-radius:8em\"><img decoding=\"async\" width=\"1024\" height=\"682\" class=\"wp-block-cover__image-background wp-image-1766 size-large\" alt=\"\" src=\"https:\/\/cruisearoya.com\/wp-content\/uploads\/2025\/05\/aroya-otg-piano-bar-1024x682.webp\" data-object-fit=\"cover\" srcset=\"https:\/\/cruisearoya.com\/wp-content\/uploads\/2025\/05\/aroya-otg-piano-bar-1024x682.webp 1024w, https:\/\/cruisearoya.com\/wp-content\/uploads\/2025\/05\/aroya-otg-piano-bar-300x200.webp 300w, https:\/\/cruisearoya.com\/wp-content\/uploads\/2025\/05\/aroya-otg-piano-bar-768x512.webp 768w, https:\/\/cruisearoya.com\/wp-content\/uploads\/2025\/05\/aroya-otg-piano-bar-1536x1023.webp 1536w, https:\/\/cruisearoya.com\/wp-content\/uploads\/2025\/05\/aroya-otg-piano-bar.webp 1660w\" sizes=\"(max-width: 1024px) 100vw, 1024px\" \/><span aria-hidden=\"true\" class=\"wp-block-cover__background has-background-dim-0 has-background-dim\" style=\"background-color:#9b8579\"><\/span><div class=\"wp-block-cover__inner-container has-global-padding is-layout-constrained wp-block-cover-is-layout-constrained\">\n<p class=\"has-text-align-center has-large-font-size\"><\/p>\n<\/div><\/div>\n<\/div>\n<\/div>\n\n\n\n<div class=\"wp-block-columns alignwide is-layout-flex wp-container-core-columns-is-layout-28f84493 wp-block-columns-is-layout-flex\">\n<div class=\"wp-block-column is-layout-flow wp-block-column-is-layout-flow\" style=\"padding-right:var(--wp--preset--spacing--50);padding-left:var(--wp--preset--spacing--50)\">\n<div class=\"wp-block-cover is-light\" style=\"border-top-left-radius:8em;border-top-right-radius:0em;border-bottom-left-radius:0em;border-bottom-right-radius:8em\"><img decoding=\"async\" width=\"1024\" height=\"682\" class=\"wp-block-cover__image-background wp-image-1769 size-large\" alt=\"\" src=\"https:\/\/cruisearoya.com\/wp-content\/uploads\/2025\/05\/aroya-otg-facilities-1024x682.webp\" data-object-fit=\"cover\" srcset=\"https:\/\/cruisearoya.com\/wp-content\/uploads\/2025\/05\/aroya-otg-facilities-1024x682.webp 1024w, https:\/\/cruisearoya.com\/wp-content\/uploads\/2025\/05\/aroya-otg-facilities-300x200.webp 300w, https:\/\/cruisearoya.com\/wp-content\/uploads\/2025\/05\/aroya-otg-facilities-768x512.webp 768w, https:\/\/cruisearoya.com\/wp-content\/uploads\/2025\/05\/aroya-otg-facilities-1536x1023.webp 1536w, https:\/\/cruisearoya.com\/wp-content\/uploads\/2025\/05\/aroya-otg-facilities.webp 1660w\" sizes=\"(max-width: 1024px) 100vw, 1024px\" \/><span aria-hidden=\"true\" class=\"wp-block-cover__background has-background-dim-0 has-background-dim\" style=\"background-color:#b08861\"><\/span><div class=\"wp-block-cover__inner-container has-global-padding is-layout-constrained wp-block-cover-is-layout-constrained\">\n<p class=\"has-text-align-center has-large-font-size\"><\/p>\n<\/div><\/div>\n<\/div>\n\n\n\n<div class=\"wp-block-column is-vertically-aligned-center is-layout-flow wp-block-column-is-layout-flow\">\n<div class=\"wp-block-group has-global-padding is-layout-constrained wp-container-core-group-is-layout-97829e9f wp-block-group-is-layout-constrained\" style=\"padding-right:var(--wp--preset--spacing--40);padding-left:var(--wp--preset--spacing--40)\">\n<p>Als Teil der Organisation Cruise Saudi und unterst\u00fctzt durch die Tourismusziele der Vision 2030 des K\u00f6nigreichs, steuert AROYA Cruises in eine Zukunft, in der Tradition auf Innovation trifft \u2013 mit unvergesslichen Reisen durch das Rote Meer und dar\u00fcber hinaus.<\/p>\n\n\n\n<p>AROYA Cruises wird von der <strong>Orange Travel Group International<\/strong> vertreten \u2013 einem f\u00fchrenden Reiseunternehmen mit globaler Pr\u00e4senz und jahrzehntelanger Erfahrung in der Kreuzfahrtvertretung, im Verkauf und in der Kundenbetreuung. Durch diese Partnerschaft k\u00f6nnen wir nahtlosen Service und fachkundige Unterst\u00fctzung f\u00fcr Reisende aus internationalen M\u00e4rkten bieten.<br><\/p>\n\n\n\n<blockquote class=\"wp-block-quote has-text-align-left alignleft is-style-default has-border-color has-custom-brand-main-dark-border-color has-white-color has-text-color has-link-color wp-elements-03534e317cd3fcc3e8fbac1722c269cf is-layout-flow wp-block-quote-is-layout-flow\" style=\"border-width:2px;margin-top:var(--wp--preset--spacing--50);margin-right:0;margin-bottom:var(--wp--preset--spacing--50);margin-left:0;padding-top:var(--wp--preset--spacing--50);padding-right:var(--wp--preset--spacing--50);padding-bottom:var(--wp--preset--spacing--50);padding-left:var(--wp--preset--spacing--50)\">\n<p class=\"has-custom-brand-main-dark-color has-text-color has-link-color has-medium-font-size wp-elements-a1d316b0ac9bdff6cec7f3bbb80dc830\">Kommen Sie an Bord von AROYA Cruises \u2013 wo arabische Gastfreundschaft auf Kreuzfahrten der Spitzenklasse trifft.<\/p>\n<\/blockquote>\n<\/div>\n<\/div>\n<\/div>\n<\/div>\n","protected":false},"excerpt":{"rendered":"<p>AROYA Cruises AROYA Cruises ist eine neue Welt der Entdeckungen auf See \u2013 stolz darauf, die erste Kreuzfahrtlinie zu sein, die speziell nach arabischen Vorlieben gestaltet wurde. Vom Moment des Einstiegs an erleben Sie echte arabische Gastfreundschaft, au\u00dfergew\u00f6hnlichen Komfort und unvergessliche Momente, inspiriert von der reichen Kultur und Herzlichkeit der Region. Der Name, AROYA, ist<\/p>\n","protected":false},"author":1,"featured_media":0,"parent":0,"menu_order":0,"comment_status":"closed","ping_status":"closed","template":"page-compact","meta":{"_acf_changed":false,"footnotes":""},"class_list":["post-2485","page","type-page","status-publish","hentry"],"acf":[],"mb":[],"mfb_rest_fields":["title"],"_links":{"self":[{"href":"https:\/\/cruisearoya.com\/de\/wp-json\/wp\/v2\/pages\/2485","targetHints":{"allow":["GET"]}}],"collection":[{"href":"https:\/\/cruisearoya.com\/de\/wp-json\/wp\/v2\/pages"}],"about":[{"href":"https:\/\/cruisearoya.com\/de\/wp-json\/wp\/v2\/types\/page"}],"author":[{"embeddable":true,"href":"https:\/\/cruisearoya.com\/de\/wp-json\/wp\/v2\/users\/1"}],"replies":[{"embeddable":true,"href":"https:\/\/cruisearoya.com\/de\/wp-json\/wp\/v2\/comments?post=2485"}],"version-history":[{"count":4,"href":"https:\/\/cruisearoya.com\/de\/wp-json\/wp\/v2\/pages\/2485\/revisions"}],"predecessor-version":[{"id":2491,"href":"https:\/\/cruisearoya.com\/de\/wp-json\/wp\/v2\/pages\/2485\/revisions\/2491"}],"wp:attachment":[{"href":"https:\/\/cruisearoya.com\/de\/wp-json\/wp\/v2\/media?parent=2485"}],"curies":[{"name":"wp","href":"https:\/\/api.w.org\/{rel}","templated":true}]}}