{"id":27687,"date":"2025-09-16T20:54:31","date_gmt":"2025-09-16T18:54:31","guid":{"rendered":"https:\/\/cruisearoya.com\/?page_id=27687"},"modified":"2026-01-31T20:02:55","modified_gmt":"2026-01-31T19:02:55","slug":"kabinen","status":"publish","type":"page","link":"https:\/\/cruisearoya.com\/de\/aroya-entdecken\/kabinen\/","title":{"rendered":"Kabinen"},"content":{"rendered":"\n<div class=\"wp-block-group has-background has-global-padding is-layout-constrained wp-container-core-group-is-layout-9bcb33e3 wp-block-group-is-layout-constrained\" style=\"background-color:#efefef;padding-top:var(--wp--preset--spacing--70);padding-bottom:var(--wp--preset--spacing--70)\">\n<div class=\"wp-block-group alignwide is-layout-grid wp-container-core-group-is-layout-89c0bfd5 wp-block-group-is-layout-grid\" style=\"margin-top:0;margin-bottom:0;padding-top:0;padding-right:0;padding-bottom:0;padding-left:0\">\n<div class=\"wp-block-group wp-container-content-3a2460c3 has-global-padding is-layout-constrained wp-block-group-is-layout-constrained\">\n<h2 class=\"wp-block-heading\"><strong>Innenkabinen<\/strong><\/h2>\n\n\n\n<p>Genie\u00dfen Sie Ruhe und Komfort in unseren Innenkabinen, die so gestaltet sind, dass sie eine gem\u00fctliche Atmosph\u00e4re mit einem k\u00fcnstlerischen Touch bietet. Sie l\u00e4dt dazu ein, neue Energie zu tanken und sich auf weitere spannende Entdeckungen vorzubereiten.<\/p>\n\n\n\n<div class=\"wp-block-group has-white-background-color has-background has-global-padding is-layout-constrained wp-container-core-group-is-layout-fe4a28bd wp-block-group-is-layout-constrained\" style=\"border-radius:10px;padding-top:var(--wp--preset--spacing--40);padding-right:var(--wp--preset--spacing--60);padding-bottom:var(--wp--preset--spacing--40);padding-left:var(--wp--preset--spacing--60)\">\n<h3 class=\"wp-block-heading\"><strong>Gr\u00f6\u00dfe \/ Belegungsoptionen<\/strong><\/h3>\n\n\n\n<ul class=\"wp-block-list\">\n<li>R\u00e4ume: 1<\/li>\n\n\n\n<li>Kapazit\u00e4t: 2 &#8211; 3 Personen<\/li>\n\n\n\n<li>Gr\u00f6\u00dfe: 12, 14 oder 18\u202fm\u00b2<\/li>\n<\/ul>\n<\/div>\n\n\n\n<p>Erleben Sie eine faszinierende Reise in unseren Innenkabinen, ausgestattet mit komfortablen Betten, einem charmanten Badezimmer mit hochwertigen Annehmlichkeiten und einem Waschtischbereich. Sie dienen als friedlicher R\u00fcckzugsort nach einem Tag voller Abenteuer.<\/p>\n<\/div>\n\n\n\n<div class=\"wp-block-group is-vertical is-layout-flex wp-container-core-group-is-layout-d6b9ab57 wp-block-group-is-layout-flex\">\n<figure class=\"wp-block-image size-large has-custom-border\"><img decoding=\"async\" width=\"1024\" height=\"652\" src=\"https:\/\/cruisearoya.com\/wp-content\/uploads\/2025\/09\/interior-cabin-1024x652.webp\" alt=\"Cruise Aroya Interior Cabin\" class=\"wp-image-10625\" style=\"border-radius:10px\" srcset=\"https:\/\/cruisearoya.com\/wp-content\/uploads\/2025\/09\/interior-cabin-1024x652.webp 1024w, https:\/\/cruisearoya.com\/wp-content\/uploads\/2025\/09\/interior-cabin-300x191.webp 300w, https:\/\/cruisearoya.com\/wp-content\/uploads\/2025\/09\/interior-cabin-768x489.webp 768w, https:\/\/cruisearoya.com\/wp-content\/uploads\/2025\/09\/interior-cabin.webp 1200w\" sizes=\"(max-width: 1024px) 100vw, 1024px\" \/><\/figure>\n<\/div>\n\n\n\n<div class=\"wp-block-group wp-container-content-3a2460c3 has-global-padding is-layout-constrained wp-block-group-is-layout-constrained\">\n<h3 class=\"wp-block-heading\"><strong>Ausstattung<\/strong><\/h3>\n\n\n\n<ul class=\"wp-block-list\">\n<li>Smart TV<\/li>\n\n\n\n<li>Safe<\/li>\n\n\n\n<li>WLAN (gegen Aufpreis)<\/li>\n\n\n\n<li>Wasserkocher<\/li>\n\n\n\n<li>Minik\u00fchlschrank<\/li>\n\n\n\n<li>Badezimmer mit Dusche<\/li>\n<\/ul>\n<\/div>\n\n\n\n<div class=\"wp-block-group has-global-padding is-layout-constrained wp-block-group-is-layout-constrained\">\n<h3 class=\"wp-block-heading\"><strong>Barrierefreie Ausstattung (ADA):<\/strong><\/h3>\n\n\n\n<p>F\u00fcr G\u00e4ste, die barrierefreie Unterk\u00fcnfte ben\u00f6tigen, gibt es auch eine spezielle ADA-Version der Innenkabinen, die zus\u00e4tzlichen Raum und Zug\u00e4nglichkeit f\u00fcr G\u00e4ste mit besonderen Bed\u00fcrfnissen, z.\u202fB. eingeschr\u00e4nkter Mobilit\u00e4t, bereitstellen.<\/p>\n<\/div>\n<\/div>\n<\/div>\n\n\n\n<div class=\"wp-block-group has-global-padding is-layout-constrained wp-block-group-is-layout-constrained\" style=\"padding-top:var(--wp--preset--spacing--70);padding-bottom:var(--wp--preset--spacing--70)\">\n<div class=\"wp-block-group alignwide is-layout-grid wp-container-core-group-is-layout-89c0bfd5 wp-block-group-is-layout-grid\" style=\"margin-top:0;margin-bottom:0;padding-top:0;padding-right:0;padding-bottom:0;padding-left:0\">\n<div class=\"wp-block-group wp-container-content-3a2460c3 has-global-padding is-layout-constrained wp-block-group-is-layout-constrained\">\n<h2 class=\"wp-block-heading\"><strong>Au\u00dfenkabinen<\/strong><\/h2>\n\n\n\n<p>Erleben Sie eine wundervolle Reise in den Au\u00dfenkabinen mit atemberaubendem Ausblick. Schaffen Sie unvergessliche Erinnerungen, w\u00e4hrend Sie sich entspannen und neue Energie in diesem faszinierenden R\u00fcckzugsort tanken.<\/p>\n\n\n\n<div class=\"wp-block-group has-white-background-color has-background has-global-padding is-layout-constrained wp-container-core-group-is-layout-fe4a28bd wp-block-group-is-layout-constrained\" style=\"border-radius:10px;padding-top:var(--wp--preset--spacing--40);padding-right:var(--wp--preset--spacing--60);padding-bottom:var(--wp--preset--spacing--40);padding-left:var(--wp--preset--spacing--60)\">\n<h3 class=\"wp-block-heading\"><strong>Gr\u00f6\u00dfe \/ Belegungsoptionen<\/strong><\/h3>\n\n\n\n<ul class=\"wp-block-list\">\n<li>R\u00e4ume: 1<\/li>\n\n\n\n<li>Kapazit\u00e4t: 2 &#8211; 4 Personen<\/li>\n\n\n\n<li>Gr\u00f6\u00dfe: 15, 20 oder 30\u202fm\u00b2<\/li>\n<\/ul>\n<\/div>\n\n\n\n<p>Genie\u00dfen Sie die herrliche Aussicht durch die Kabinenfenster, die den unendlichen Horizont \u00fcberblicken. Die Kabinen wurden f\u00fcr Komfort konzipiert und bieten bequeme Betten, ein charmantes Badezimmer mit hochwertigen Annehmlichkeiten sowie einen Waschtischbereich, perfekt, um nach einem langen Tag an Land Ruhe und Entspannung zu finden.<\/p>\n<\/div>\n\n\n\n<div class=\"wp-block-group is-vertical is-layout-flex wp-container-core-group-is-layout-d6b9ab57 wp-block-group-is-layout-flex\">\n<figure class=\"wp-block-image size-full has-custom-border\"><img decoding=\"async\" width=\"900\" height=\"685\" src=\"https:\/\/cruisearoya.com\/wp-content\/uploads\/2025\/11\/WINDOW-CABINS_2024-08-11-113014_mivm.webp\" alt=\"\" class=\"wp-image-14076\" style=\"border-radius:10px;aspect-ratio:3\/2;object-fit:cover\" srcset=\"https:\/\/cruisearoya.com\/wp-content\/uploads\/2025\/11\/WINDOW-CABINS_2024-08-11-113014_mivm.webp 900w, https:\/\/cruisearoya.com\/wp-content\/uploads\/2025\/11\/WINDOW-CABINS_2024-08-11-113014_mivm-300x228.webp 300w, https:\/\/cruisearoya.com\/wp-content\/uploads\/2025\/11\/WINDOW-CABINS_2024-08-11-113014_mivm-768x585.webp 768w\" sizes=\"(max-width: 900px) 100vw, 900px\" \/><\/figure>\n<\/div>\n\n\n\n<div class=\"wp-block-group wp-container-content-3a2460c3 has-global-padding is-layout-constrained wp-block-group-is-layout-constrained\">\n<h3 class=\"wp-block-heading\"><strong>Ausstattung<\/strong><\/h3>\n\n\n\n<ul class=\"wp-block-list\">\n<li>Smart TV<\/li>\n\n\n\n<li>Safe<\/li>\n\n\n\n<li>WLAN (gegen Aufpreis)<\/li>\n\n\n\n<li>Wasserkocher im Zimmer<\/li>\n\n\n\n<li>Minik\u00fchlschrank<\/li>\n\n\n\n<li>Badezimmer mit Dusche<\/li>\n<\/ul>\n<\/div>\n\n\n\n<div class=\"wp-block-group has-global-padding is-layout-constrained wp-block-group-is-layout-constrained\">\n<h3 class=\"wp-block-heading\"><strong>Barrierefreie Ausstattung (ADA):<\/strong><\/h3>\n\n\n\n<p>F\u00fcr G\u00e4ste, die barrierefreie Unterk\u00fcnfte w\u00fcnschen und gleichzeitig Meerblick genie\u00dfen m\u00f6chten, bieten die Au\u00dfenkabinen spezielle ADA-Versionen. Diese sind o gestaltet, dass sie zus\u00e4tzlichen Raum und Zug\u00e4nglichkeit f\u00fcr G\u00e4ste mit besonderen Bed\u00fcrfnissen, z.\u202fB. eingeschr\u00e4nkter Mobilit\u00e4t, bieten.<\/p>\n<\/div>\n<\/div>\n<\/div>\n\n\n\n<div class=\"wp-block-group has-background has-global-padding is-layout-constrained wp-container-core-group-is-layout-9bcb33e3 wp-block-group-is-layout-constrained\" style=\"background-color:#efefef;padding-top:var(--wp--preset--spacing--70);padding-bottom:var(--wp--preset--spacing--70)\">\n<div class=\"wp-block-group alignwide is-layout-grid wp-container-core-group-is-layout-89c0bfd5 wp-block-group-is-layout-grid\" style=\"margin-top:0;margin-bottom:0;padding-top:0;padding-right:0;padding-bottom:0;padding-left:0\">\n<div class=\"wp-block-group wp-container-content-3a2460c3 has-global-padding is-layout-constrained wp-block-group-is-layout-constrained\">\n<h2 class=\"wp-block-heading\"><strong>Balkonkabinen<\/strong><\/h2>\n\n\n\n<p>Unsere Balkonkabinen verbinden Entspannung und Gem\u00fctlichkeit und verleihen Ihrem au\u00dfergew\u00f6hnlichen Kreuzfahrterlebnis eine Prise Ruhe und Gelassenheit.<\/p>\n\n\n\n<div class=\"wp-block-group has-white-background-color has-background has-global-padding is-layout-constrained wp-container-core-group-is-layout-fe4a28bd wp-block-group-is-layout-constrained\" style=\"border-radius:10px;padding-top:var(--wp--preset--spacing--40);padding-right:var(--wp--preset--spacing--60);padding-bottom:var(--wp--preset--spacing--40);padding-left:var(--wp--preset--spacing--60)\">\n<h3 class=\"wp-block-heading\"><strong>Gr\u00f6\u00dfe \/ Belegungsoptionen<\/strong><\/h3>\n\n\n\n<ul class=\"wp-block-list\">\n<li>R\u00e4ume: 1<\/li>\n\n\n\n<li>Kapazit\u00e4t: 2 &#8211; 5 Personen<\/li>\n\n\n\n<li>Gr\u00f6\u00dfe: 16, 19, 25 oder 27\u202fm\u00b2<\/li>\n<\/ul>\n<\/div>\n\n\n\n<p>Genie\u00dfen Sie Ruhe und Komfort w\u00e4hrend Ihres Aufenthalts in unseren Balkonkabinen, ausgestattet mit einem komfortablen Queen-Bett, einem Doppelschlafsofa, einem charmanten Badezimmer mit hochwertigen Pflegeprodukten und einem Waschtischbereich. Zus\u00e4tzlich verf\u00fcgen die Kabinen \u00fcber einen m\u00f6blierten Balkon mit bezaubernder Aussicht.<\/p>\n<\/div>\n\n\n\n<div class=\"wp-block-group is-vertical is-layout-flex wp-container-core-group-is-layout-d6b9ab57 wp-block-group-is-layout-flex\">\n<figure class=\"wp-block-image size-full has-custom-border\"><img decoding=\"async\" width=\"900\" height=\"643\" src=\"https:\/\/cruisearoya.com\/wp-content\/uploads\/2025\/11\/VERANDA-CABINS_2024-08-11-112856_mhqv.webp\" alt=\"\" class=\"wp-image-14139\" style=\"border-radius:10px\" srcset=\"https:\/\/cruisearoya.com\/wp-content\/uploads\/2025\/11\/VERANDA-CABINS_2024-08-11-112856_mhqv.webp 900w, https:\/\/cruisearoya.com\/wp-content\/uploads\/2025\/11\/VERANDA-CABINS_2024-08-11-112856_mhqv-300x214.webp 300w, https:\/\/cruisearoya.com\/wp-content\/uploads\/2025\/11\/VERANDA-CABINS_2024-08-11-112856_mhqv-768x549.webp 768w\" sizes=\"(max-width: 900px) 100vw, 900px\" \/><\/figure>\n<\/div>\n\n\n\n<div class=\"wp-block-group wp-container-content-3a2460c3 has-global-padding is-layout-constrained wp-block-group-is-layout-constrained\">\n<h3 class=\"wp-block-heading\"><strong>Ausstattung<\/strong><\/h3>\n\n\n\n<ul class=\"wp-block-list\">\n<li>Smart TV<\/li>\n\n\n\n<li>Safe<\/li>\n\n\n\n<li>WLAN (gegen Aufpreis)<\/li>\n\n\n\n<li>Wasserkocher<\/li>\n\n\n\n<li>Minik\u00fchlschrank<\/li>\n\n\n\n<li>Badezimmer mit Dusche<\/li>\n\n\n\n<li>M\u00f6blierter Balkon<\/li>\n<\/ul>\n<\/div>\n\n\n\n<div class=\"wp-block-group has-global-padding is-layout-constrained wp-block-group-is-layout-constrained\">\n<h3 class=\"wp-block-heading\"><strong>Barrierefreie Ausstattung (ADA):<\/strong><\/h3>\n\n\n\n<p>F\u00fcr G\u00e4ste, die barrierefreie Unterk\u00fcnfte w\u00fcnschen und gleichzeitig Meerblick genie\u00dfen m\u00f6chten, bieten die Balkonkabinen spezielle ADA-Versionen. Diese sind so gestaltet, dass sie zus\u00e4tzlichen Raum und Zug\u00e4nglichkeit f\u00fcr G\u00e4ste mit besonderen Bed\u00fcrfnissen, z.\u202fB. eingeschr\u00e4nkter Mobilit\u00e4t, bereitstellen.<\/p>\n<\/div>\n<\/div>\n<\/div>\n\n\n\n<div class=\"wp-block-group has-global-padding is-layout-constrained wp-block-group-is-layout-constrained\" style=\"padding-top:var(--wp--preset--spacing--70);padding-bottom:var(--wp--preset--spacing--70)\">\n<div class=\"wp-block-group alignwide is-layout-grid wp-container-core-group-is-layout-89c0bfd5 wp-block-group-is-layout-grid\" style=\"margin-top:0;margin-bottom:0;padding-top:0;padding-right:0;padding-bottom:0;padding-left:0\">\n<div class=\"wp-block-group wp-container-content-3a2460c3 has-global-padding is-layout-constrained wp-block-group-is-layout-constrained\">\n<h2 class=\"wp-block-heading\"><strong>Khuzama Suiten<\/strong><\/h2>\n\n\n\n<p>Erleben Sie einen besonders luxuri\u00f6sen Aufenthalt bei AROYA Cruises in unseren eleganten Khuzama Suiten, von Family Premier Suites \u00fcber Seaview Suites bis hin zu weiteren exklusiven Optionen. Sch\u00f6n gestaltet, um Ihren Bed\u00fcrfnissen gerecht zu werden und Ihnen ein au\u00dfergew\u00f6hnliches Erlebnis mit exklusiven Annehmlichkeiten zu bieten.<\/p>\n\n\n\n<div class=\"wp-block-group has-white-background-color has-background has-global-padding is-layout-constrained wp-container-core-group-is-layout-fe4a28bd wp-block-group-is-layout-constrained\" style=\"border-radius:10px;padding-top:var(--wp--preset--spacing--40);padding-right:var(--wp--preset--spacing--60);padding-bottom:var(--wp--preset--spacing--40);padding-left:var(--wp--preset--spacing--60)\">\n<h3 class=\"wp-block-heading\"><strong>Gr\u00f6\u00dfe \/ Belegungsoptionen<\/strong><\/h3>\n\n\n\n<ul class=\"wp-block-list\">\n<li>R\u00e4ume: 1<\/li>\n\n\n\n<li>Kapazit\u00e4t: 2 &#8211; 4 Personen<\/li>\n\n\n\n<li>Gr\u00f6\u00dfe: 25 \u2013 58\u202fm\u00b2<\/li>\n<\/ul>\n<\/div>\n\n\n\n<p>Genie\u00dfen Sie Freude und Entspannung mit atemberaubendem Meerblick in unseren Khuzama Suiten, die sorgf\u00e4ltig entworfen wurden, um Ihre Bed\u00fcrfnisse zu erf\u00fcllen. Profitieren Sie von einem exklusiven Serviceangebot, darunter ein pers\u00f6nliches Team aus Butlers, Concierges sowie 24-Stunden-Zimmerservice, zus\u00e4tzlich zu vielen weiteren Khuzama-Vorteilen.<\/p>\n\n\n\n<p>Die Suiten bieten komfortable Betten, Essbereiche, ein ger\u00e4umiges Badezimmer mit luxuri\u00f6sen Pflegeprodukten sowie vollst\u00e4ndig m\u00f6blierte Balkone, ein idealer R\u00fcckzugsort zur Entspannung nach einem Tag voller Abenteuer.<\/p>\n<\/div>\n\n\n\n<div class=\"wp-block-group is-vertical is-layout-flex wp-container-core-group-is-layout-d6b9ab57 wp-block-group-is-layout-flex\">\n<figure class=\"wp-block-image size-full has-custom-border\"><img decoding=\"async\" width=\"900\" height=\"590\" src=\"https:\/\/cruisearoya.com\/wp-content\/uploads\/2025\/11\/TSC05603-HDR_2025-03-17-183711_ornv.webp\" alt=\"\" class=\"wp-image-14151\" style=\"border-radius:10px;aspect-ratio:3\/2;object-fit:cover\" srcset=\"https:\/\/cruisearoya.com\/wp-content\/uploads\/2025\/11\/TSC05603-HDR_2025-03-17-183711_ornv.webp 900w, https:\/\/cruisearoya.com\/wp-content\/uploads\/2025\/11\/TSC05603-HDR_2025-03-17-183711_ornv-300x197.webp 300w, https:\/\/cruisearoya.com\/wp-content\/uploads\/2025\/11\/TSC05603-HDR_2025-03-17-183711_ornv-768x503.webp 768w\" sizes=\"(max-width: 900px) 100vw, 900px\" \/><\/figure>\n<\/div>\n\n\n\n<div class=\"wp-block-group wp-container-content-3a2460c3 has-global-padding is-layout-constrained wp-block-group-is-layout-constrained\">\n<h3 class=\"wp-block-heading\"><strong>Ausstattung<\/strong><\/h3>\n\n\n\n<ul class=\"wp-block-list\">\n<li>Badewanne<\/li>\n\n\n\n<li>M\u00f6blierter Balkon<\/li>\n\n\n\n<li>WiFi-Nutzung (ein Ger\u00e4t pro Person)&nbsp;<\/li>\n\n\n\n<li>Kaffeemaschine<\/li>\n\n\n\n<li>Smart-TV<\/li>\n\n\n\n<li>Minik\u00fchlschrank<\/li>\n\n\n\n<li>Wasserkocher<\/li>\n\n\n\n<li>Kostenloser Zimmerservice<\/li>\n<\/ul>\n\n\n\n<div class=\"wp-block-buttons is-layout-flex wp-block-buttons-is-layout-flex\">\n<div class=\"wp-block-button\"><a class=\"wp-block-button__link wp-element-button\" href=\"https:\/\/cruisearoya.com\/de\/kontakt\/\"><strong>Kontaktieren Sie uns, um mehr zu erfahren<\/strong><\/a><\/div>\n<\/div>\n<\/div>\n<\/div>\n<\/div>\n\n\n\n<div class=\"wp-block-group has-background has-global-padding is-layout-constrained wp-container-core-group-is-layout-9bcb33e3 wp-block-group-is-layout-constrained\" style=\"background-color:#efefef;padding-top:var(--wp--preset--spacing--70);padding-bottom:var(--wp--preset--spacing--70)\">\n<div class=\"wp-block-group alignwide is-layout-grid wp-container-core-group-is-layout-89c0bfd5 wp-block-group-is-layout-grid\" style=\"margin-top:0;margin-bottom:0;padding-top:0;padding-right:0;padding-bottom:0;padding-left:0\">\n<div class=\"wp-block-group wp-container-content-3a2460c3 has-global-padding is-layout-constrained wp-block-group-is-layout-constrained\">\n<h2 class=\"wp-block-heading\">Khuzama Villas<\/h2>\n\n\n\n<p>Erleben Sie Luxus mitten auf See mit den exklusivsten Unterk\u00fcnften von AROYA Cruises, den Khuzama Villas. Die Royal Villa, Presidential Villa und Signature Suites wurden entworfen, um Ihnen einen unvergesslichen Aufenthalt zu bieten, mit gro\u00dfz\u00fcgigen R\u00e4umen, bemerkenswert arabischem Design, Au\u00dfenbereichen und exklusiven Annehmlichkeiten.<\/p>\n\n\n\n<div class=\"wp-block-group has-white-background-color has-background has-global-padding is-layout-constrained wp-container-core-group-is-layout-fe4a28bd wp-block-group-is-layout-constrained\" style=\"border-radius:10px;padding-top:var(--wp--preset--spacing--40);padding-right:var(--wp--preset--spacing--60);padding-bottom:var(--wp--preset--spacing--40);padding-left:var(--wp--preset--spacing--60)\">\n<h3 class=\"wp-block-heading\"><strong>Gr\u00f6\u00dfe \/ Belegungsoptionen<\/strong><\/h3>\n\n\n\n<ul class=\"wp-block-list\">\n<li>R\u00e4ume: 2 &#8211; 6<\/li>\n\n\n\n<li>Kapazit\u00e4t: 6 &#8211; 12 Personen<\/li>\n\n\n\n<li>Gr\u00f6\u00dfe: 96 \u2013 395\u202fm\u00b2<\/li>\n<\/ul>\n<\/div>\n\n\n\n<p>Die Khuzama Villas laden dazu ein, einen faszinierenden Aufenthalt zu genie\u00dfen, mit einem pers\u00f6nlichen Team aus Butlers, Concierges und 24-Stunden-Zimmerservice, zus\u00e4tzlich zu vielen weiteren Vorteilen des Khuzama Experience. Die Villas verf\u00fcgen \u00fcber Schlafzimmer mit luxuri\u00f6sen Betten sowie beeindruckende Wohn- und Essbereiche.<\/p>\n\n\n\n<p>Genie\u00dfen Sie die gro\u00dfz\u00fcgigen Badezimmer, ausgestattet mit hochwertigen Pflegeprodukten, Badewannen und Jacuzzis. Genie\u00dfen Sie den atemberaubenden Ausblick von vollst\u00e4ndig m\u00f6blierten Balkonen und tauchen Sie ein in Luxus wie nie zuvor.<\/p>\n<\/div>\n\n\n\n<div class=\"wp-block-group is-vertical is-layout-flex wp-container-core-group-is-layout-d6b9ab57 wp-block-group-is-layout-flex\">\n<figure class=\"wp-block-image size-full has-custom-border\"><img decoding=\"async\" width=\"900\" height=\"507\" src=\"https:\/\/cruisearoya.com\/wp-content\/uploads\/2025\/11\/TSC05057_2025-03-17-131007_zboq.webp\" alt=\"\" class=\"wp-image-14145\" style=\"border-radius:10px\" srcset=\"https:\/\/cruisearoya.com\/wp-content\/uploads\/2025\/11\/TSC05057_2025-03-17-131007_zboq.webp 900w, https:\/\/cruisearoya.com\/wp-content\/uploads\/2025\/11\/TSC05057_2025-03-17-131007_zboq-300x169.webp 300w, https:\/\/cruisearoya.com\/wp-content\/uploads\/2025\/11\/TSC05057_2025-03-17-131007_zboq-768x433.webp 768w, https:\/\/cruisearoya.com\/wp-content\/uploads\/2025\/11\/TSC05057_2025-03-17-131007_zboq-285x160.webp 285w\" sizes=\"(max-width: 900px) 100vw, 900px\" \/><\/figure>\n<\/div>\n\n\n\n<div class=\"wp-block-group wp-container-content-3a2460c3 has-global-padding is-layout-constrained wp-block-group-is-layout-constrained\">\n<h3 class=\"wp-block-heading\"><strong>Ausstattung<\/strong><\/h3>\n\n\n\n<ul class=\"wp-block-list\">\n<li>Smart TV<\/li>\n\n\n\n<li>Safe<\/li>\n\n\n\n<li>WiFi-Nutzung (zwei Ger\u00e4te pro Person\/Royal Villa: 4 Ger\u00e4te pro Person)&nbsp;<\/li>\n\n\n\n<li>Wasserkocher im Zimmer<\/li>\n\n\n\n<li>Minik\u00fchlschrank<\/li>\n\n\n\n<li>Badezimmer mit Dusche<\/li>\n\n\n\n<li>M\u00f6blierter Balkon<\/li>\n<\/ul>\n<\/div>\n<\/div>\n<\/div>\n","protected":false},"excerpt":{"rendered":"<p>Innenkabinen Genie\u00dfen Sie Ruhe und Komfort in unseren Innenkabinen, die so gestaltet sind, dass sie eine gem\u00fctliche Atmosph\u00e4re mit einem k\u00fcnstlerischen Touch bietet. Sie l\u00e4dt dazu ein, neue Energie zu tanken und sich auf weitere spannende Entdeckungen vorzubereiten. Gr\u00f6\u00dfe \/ Belegungsoptionen Erleben Sie eine faszinierende Reise in unseren Innenkabinen, ausgestattet mit komfortablen Betten, einem charmanten<\/p>\n","protected":false},"author":1,"featured_media":28377,"parent":2533,"menu_order":0,"comment_status":"closed","ping_status":"closed","template":"","meta":{"_acf_changed":false,"footnotes":""},"class_list":["post-27687","page","type-page","status-publish","has-post-thumbnail","hentry"],"acf":[],"mb":[],"mfb_rest_fields":["title"],"_links":{"self":[{"href":"https:\/\/cruisearoya.com\/de\/wp-json\/wp\/v2\/pages\/27687","targetHints":{"allow":["GET"]}}],"collection":[{"href":"https:\/\/cruisearoya.com\/de\/wp-json\/wp\/v2\/pages"}],"about":[{"href":"https:\/\/cruisearoya.com\/de\/wp-json\/wp\/v2\/types\/page"}],"author":[{"embeddable":true,"href":"https:\/\/cruisearoya.com\/de\/wp-json\/wp\/v2\/users\/1"}],"replies":[{"embeddable":true,"href":"https:\/\/cruisearoya.com\/de\/wp-json\/wp\/v2\/comments?post=27687"}],"version-history":[{"count":17,"href":"https:\/\/cruisearoya.com\/de\/wp-json\/wp\/v2\/pages\/27687\/revisions"}],"predecessor-version":[{"id":28397,"href":"https:\/\/cruisearoya.com\/de\/wp-json\/wp\/v2\/pages\/27687\/revisions\/28397"}],"up":[{"embeddable":true,"href":"https:\/\/cruisearoya.com\/de\/wp-json\/wp\/v2\/pages\/2533"}],"wp:featuredmedia":[{"embeddable":true,"href":"https:\/\/cruisearoya.com\/de\/wp-json\/wp\/v2\/media\/28377"}],"wp:attachment":[{"href":"https:\/\/cruisearoya.com\/de\/wp-json\/wp\/v2\/media?parent=27687"}],"curies":[{"name":"wp","href":"https:\/\/api.w.org\/{rel}","templated":true}]}}