{"id":37174,"date":"2026-03-21T09:12:59","date_gmt":"2026-03-21T08:12:59","guid":{"rendered":"https:\/\/cruisearoya.com\/?page_id=37174"},"modified":"2026-04-27T00:03:45","modified_gmt":"2026-04-26T22:03:45","slug":"angebote","status":"publish","type":"page","link":"https:\/\/cruisearoya.com\/de\/angebote\/","title":{"rendered":"Cruise Offers"},"content":{"rendered":"\n<div class=\"wp-block-group alignfull has-global-padding is-layout-constrained wp-block-group-is-layout-constrained\">\n<div class=\"wp-block-group alignwide has-global-padding is-layout-constrained wp-block-group-is-layout-constrained\">\n<div class=\"wp-block-columns alignwide is-layout-flex wp-container-core-columns-is-layout-28f84493 wp-block-columns-is-layout-flex\">\n<div class=\"wp-block-column is-layout-flow wp-block-column-is-layout-flow\">\n<div class=\"wp-block-group alignwide has-global-padding is-content-justification-left is-layout-constrained wp-container-core-group-is-layout-12dd3699 wp-block-group-is-layout-constrained\" style=\"min-height:0px\">\n<h1 class=\"wp-block-heading has-text-align-left has-medium-font-size\" style=\"letter-spacing:2px;text-transform:uppercase\">Aroya Cruises Angebote<\/h1>\n\n\n\n<h2 class=\"wp-block-heading has-text-align-left has-custom-brand-main-dark-color has-text-color has-link-color wp-elements-cb42c477a117b68c6712ad619e8cfab4\" style=\"font-size:32px\"><strong><strong>Exklusive Kreuzfahrtangebote: Begeben Sie sich auf ein unvergessliches arabisches Abenteuer<\/strong><\/strong><\/h2>\n<\/div>\n<\/div>\n\n\n\n<div class=\"wp-block-column is-layout-flow wp-block-column-is-layout-flow\"><\/div>\n<\/div>\n\n\n\n<div class=\"wp-block-group alignwide is-nowrap is-layout-flex wp-container-core-group-is-layout-6c531013 wp-block-group-is-layout-flex\" style=\"min-height:0px\">\n<p class=\"has-text-align-left\">Erleben Sie den Gipfel arabischer Gastfreundschaft mit AROYA Cruises, wo Tradition auf erstklassigen Luxus auf See trifft. Ganz gleich, ob Sie nach einem Last-Minute-Kreuzfahrtangebot suchen oder einen erstklassigen Familienurlaub planen \u2013 unsere exklusiven Angebote bieten Ihnen den perfekten Ausgangspunkt, um das Rote Meer, den Arabischen Golf und das Mittelmeer zu erkunden.<\/p>\n\n\n\n<p class=\"has-text-align-left\">G\u00e4ste k\u00f6nnen familienfreundliche Kreuzfahrten, ger\u00e4umige Suiten, einzigartige Gastronomie, Wellnessbereiche und eine Vielzahl von Zusatzangeboten genie\u00dfen, darunter Sonderaktionen und saisonale Angebote. Informieren Sie sich unbedingt \u00fcber die neuesten Angebote und Aktionen von AROYA Cruises, um die besten verf\u00fcgbaren Ersparnisse und zus\u00e4tzlichen Vorteile zu erhalten.<\/p>\n<\/div>\n\n\n\n<div class=\"wp-block-query alignwide is-layout-flow wp-block-query-is-layout-flow\"><ul class=\"wp-block-post-template is-layout-grid wp-container-core-post-template-is-layout-48e8f1e0 wp-block-post-template-is-layout-grid\"><li class=\"wp-block-post post-5389 cruise type-cruise status-publish has-post-thumbnail hentry\">\n\n<div class=\"wp-block-group flex h-full w-full is-vertical is-layout-flex wp-container-core-group-is-layout-4b827052 wp-block-group-is-layout-flex\"><figure style=\"width:100%; padding-top:0;padding-bottom:0;padding-left:0;padding-right:0;margin-top:0;margin-bottom:0;margin-left:0;margin-right:0;\" class=\"w-full wp-block-post-featured-image\"><a href=\"https:\/\/cruisearoya.com\/de\/cruises\/istanbul-to-greece\/\" target=\"_self\"  ><img decoding=\"async\" width=\"285\" height=\"160\" src=\"https:\/\/cruisearoya.com\/wp-content\/uploads\/2025\/05\/pexels-mark-thomas-2149938474-33151488-285x160.jpg\" class=\"attachment-offer size-offer wp-post-image\" alt=\"7 N\u00e4chte T\u00fcrkei &#038; \u00c4gypten: alle Farben der T\u00fcrkei in einer einzigen Kreuzfahrt 2026\" style=\"border-top-left-radius:16px;border-top-right-radius:16px;border-bottom-left-radius:0px;border-bottom-right-radius:0px;object-fit:cover;\" \/><\/a><\/figure>\n\n\n<div class=\"wp-block-group flex-1 has-background is-vertical is-content-justification-stretch is-nowrap is-layout-flex wp-container-core-group-is-layout-c8b092e6 wp-block-group-is-layout-flex\" style=\"border-bottom-left-radius:20px;border-bottom-right-radius:20px;background-color:#ecf3fa;min-height:0px;margin-top:0;margin-bottom:0;padding-top:var(--wp--preset--spacing--40);padding-right:var(--wp--preset--spacing--40);padding-bottom:var(--wp--preset--spacing--30);padding-left:var(--wp--preset--spacing--40)\"><h4 style=\"padding-top:0;padding-bottom:0;padding-left:0;padding-right:0;margin-top:0;margin-bottom:0;\" class=\"flex-1 wp-block-post-title has-medium-font-size\"><a href=\"https:\/\/cruisearoya.com\/de\/cruises\/istanbul-to-greece\/\" target=\"_self\" >7 N\u00e4chte T\u00fcrkei &#038; \u00c4gypten: alle Farben der T\u00fcrkei in einer einzigen Kreuzfahrt 2026<\/a><\/h4>\n\n\n\n\n<div class=\"wp-block-group is-nowrap is-layout-flex wp-container-core-group-is-layout-3d10de9a wp-block-group-is-layout-flex\" style=\"margin-bottom:-20px\"><a style=\"margin-top:0;margin-bottom:0;\" class=\"wp-elements-257186f92f559e18837609f52815c391 wp-block-read-more has-text-color has-white-color has-background has-custom-brand-main-light-background-color\" href=\"https:\/\/cruisearoya.com\/de\/cruises\/istanbul-to-greece\/\" target=\"_self\">Details<span class=\"screen-reader-text\">: 7 N\u00e4chte T\u00fcrkei &#038; \u00c4gypten: alle Farben der T\u00fcrkei in einer einzigen Kreuzfahrt 2026<\/span><\/a>\n\n    <div class=\"aroya-button\">\r\n        <a href=\"https:\/\/book.cruisearoya.com\/home\/offer\/JA322955260627?aid=210859&#038;url=\/SEA\/all\/Aroya_Cruises-Aroya\/all\/June2026\/June2026&#038;focus=JA322955260627\" class=\"button\" target=\"_blank\" rel=\"noopener noreferrer\">\r\n            Jetzt buchen        <\/a>\r\n    <\/div>\r\n<\/div>\n<\/div>\n<\/div>\n\n<\/li><li class=\"wp-block-post post-2665 cruise type-cruise status-publish has-post-thumbnail hentry\">\n\n<div class=\"wp-block-group flex h-full w-full is-vertical is-layout-flex wp-container-core-group-is-layout-4b827052 wp-block-group-is-layout-flex\"><figure style=\"width:100%; padding-top:0;padding-bottom:0;padding-left:0;padding-right:0;margin-top:0;margin-bottom:0;margin-left:0;margin-right:0;\" class=\"w-full wp-block-post-featured-image\"><a href=\"https:\/\/cruisearoya.com\/de\/cruises\/winter-red-sea-sailings\/\" target=\"_self\"  ><img decoding=\"async\" width=\"285\" height=\"160\" src=\"https:\/\/cruisearoya.com\/wp-content\/uploads\/2025\/05\/pexels-max-renard-781264499-19015514-285x160.jpg\" class=\"attachment-offer size-offer wp-post-image\" alt=\"7 N\u00e4chte \u00c4g\u00e4ische Auszeit: Von Istanbul nach Athen mit traumhaften Inseln 2026\" style=\"border-top-left-radius:16px;border-top-right-radius:16px;border-bottom-left-radius:0px;border-bottom-right-radius:0px;object-fit:cover;\" \/><\/a><\/figure>\n\n\n<div class=\"wp-block-group flex-1 has-background is-vertical is-content-justification-stretch is-nowrap is-layout-flex wp-container-core-group-is-layout-c8b092e6 wp-block-group-is-layout-flex\" style=\"border-bottom-left-radius:20px;border-bottom-right-radius:20px;background-color:#ecf3fa;min-height:0px;margin-top:0;margin-bottom:0;padding-top:var(--wp--preset--spacing--40);padding-right:var(--wp--preset--spacing--40);padding-bottom:var(--wp--preset--spacing--30);padding-left:var(--wp--preset--spacing--40)\"><h4 style=\"padding-top:0;padding-bottom:0;padding-left:0;padding-right:0;margin-top:0;margin-bottom:0;\" class=\"flex-1 wp-block-post-title has-medium-font-size\"><a href=\"https:\/\/cruisearoya.com\/de\/cruises\/winter-red-sea-sailings\/\" target=\"_self\" >7 N\u00e4chte \u00c4g\u00e4ische Auszeit: Von Istanbul nach Athen mit traumhaften Inseln 2026<\/a><\/h4>\n\n\n\n\n<div class=\"wp-block-group is-nowrap is-layout-flex wp-container-core-group-is-layout-3d10de9a wp-block-group-is-layout-flex\" style=\"margin-bottom:-20px\"><a style=\"margin-top:0;margin-bottom:0;\" class=\"wp-elements-257186f92f559e18837609f52815c391 wp-block-read-more has-text-color has-white-color has-background has-custom-brand-main-light-background-color\" href=\"https:\/\/cruisearoya.com\/de\/cruises\/winter-red-sea-sailings\/\" target=\"_self\">Details<span class=\"screen-reader-text\">: 7 N\u00e4chte \u00c4g\u00e4ische Auszeit: Von Istanbul nach Athen mit traumhaften Inseln 2026<\/span><\/a>\n\n    <div class=\"aroya-button\">\r\n        <a href=\"https:\/\/book.cruisearoya.com\/home\/cruises\/SEA\/all\/Aroya_Cruises-Aroya\/all\/June2026\/June2026?aid=210859&#038;sort=0&#038;focus=JA322955260627\" class=\"button\" target=\"_blank\" rel=\"noopener noreferrer\">\r\n            Jetzt buchen        <\/a>\r\n    <\/div>\r\n<\/div>\n<\/div>\n<\/div>\n\n<\/li><li class=\"wp-block-post post-2664 cruise type-cruise status-publish has-post-thumbnail hentry\">\n\n<div class=\"wp-block-group flex h-full w-full is-vertical is-layout-flex wp-container-core-group-is-layout-4b827052 wp-block-group-is-layout-flex\"><figure style=\"width:100%; padding-top:0;padding-bottom:0;padding-left:0;padding-right:0;margin-top:0;margin-bottom:0;margin-left:0;margin-right:0;\" class=\"w-full wp-block-post-featured-image\"><a href=\"https:\/\/cruisearoya.com\/de\/cruises\/escape-to-egypts-red-sea-jewel-marsa-alam\/\" target=\"_self\"  ><img decoding=\"async\" width=\"285\" height=\"160\" src=\"https:\/\/cruisearoya.com\/wp-content\/uploads\/2025\/05\/pexels-tima-miroshnichenko-5973412-285x160.jpg\" class=\"attachment-offer size-offer wp-post-image\" alt=\"Unvergessliche Reise zu den Ikonen der Meere: Von Istanbul nach Dschidda, 2026\" style=\"border-top-left-radius:16px;border-top-right-radius:16px;border-bottom-left-radius:0px;border-bottom-right-radius:0px;object-fit:cover;\" \/><\/a><\/figure>\n\n\n<div class=\"wp-block-group flex-1 has-background is-vertical is-content-justification-stretch is-nowrap is-layout-flex wp-container-core-group-is-layout-c8b092e6 wp-block-group-is-layout-flex\" style=\"border-bottom-left-radius:20px;border-bottom-right-radius:20px;background-color:#ecf3fa;min-height:0px;margin-top:0;margin-bottom:0;padding-top:var(--wp--preset--spacing--40);padding-right:var(--wp--preset--spacing--40);padding-bottom:var(--wp--preset--spacing--30);padding-left:var(--wp--preset--spacing--40)\"><h4 style=\"padding-top:0;padding-bottom:0;padding-left:0;padding-right:0;margin-top:0;margin-bottom:0;\" class=\"flex-1 wp-block-post-title has-medium-font-size\"><a href=\"https:\/\/cruisearoya.com\/de\/cruises\/escape-to-egypts-red-sea-jewel-marsa-alam\/\" target=\"_self\" >Unvergessliche Reise zu den Ikonen der Meere: Von Istanbul nach Dschidda, 2026<\/a><\/h4>\n\n\n\n\n<div class=\"wp-block-group is-nowrap is-layout-flex wp-container-core-group-is-layout-3d10de9a wp-block-group-is-layout-flex\" style=\"margin-bottom:-20px\"><a style=\"margin-top:0;margin-bottom:0;\" class=\"wp-elements-257186f92f559e18837609f52815c391 wp-block-read-more has-text-color has-white-color has-background has-custom-brand-main-light-background-color\" href=\"https:\/\/cruisearoya.com\/de\/cruises\/escape-to-egypts-red-sea-jewel-marsa-alam\/\" target=\"_self\">Details<span class=\"screen-reader-text\">: Unvergessliche Reise zu den Ikonen der Meere: Von Istanbul nach Dschidda, 2026<\/span><\/a>\n\n    <div class=\"aroya-button\">\r\n        <a href=\"https:\/\/book.cruisearoya.com\/home\/offer\/JA325669260920?aid=210859&#038;url=\/SEA\/all\/Aroya_Cruises-Aroya\/6_9_nights\/September2026&#038;filter%5BdeparturePorts%5D%5B%5D=IST&#038;filter%5BarrivalPorts%5D%5B%5D=SDD&#038;focus=JA325669260920\" class=\"button\" target=\"_blank\" rel=\"noopener noreferrer\">\r\n            Jetzt buchen        <\/a>\r\n    <\/div>\r\n<\/div>\n<\/div>\n<\/div>\n\n<\/li><li class=\"wp-block-post post-2666 cruise type-cruise status-publish has-post-thumbnail hentry\">\n\n<div class=\"wp-block-group flex h-full w-full is-vertical is-layout-flex wp-container-core-group-is-layout-4b827052 wp-block-group-is-layout-flex\"><figure style=\"width:100%; padding-top:0;padding-bottom:0;padding-left:0;padding-right:0;margin-top:0;margin-bottom:0;margin-left:0;margin-right:0;\" class=\"w-full wp-block-post-featured-image\"><a href=\"https:\/\/cruisearoya.com\/de\/cruises\/essence-of-the-arabian-gulf\/\" target=\"_self\"  ><img decoding=\"async\" width=\"285\" height=\"160\" src=\"https:\/\/cruisearoya.com\/wp-content\/uploads\/2025\/05\/pexels-abdghat-3703813-285x160.jpg\" class=\"attachment-offer size-offer wp-post-image\" alt=\"7 N\u00e4chte Kreuzfahrt ab Dubai, 2027\" style=\"border-top-left-radius:16px;border-top-right-radius:16px;border-bottom-left-radius:0px;border-bottom-right-radius:0px;object-fit:cover;\" \/><\/a><\/figure>\n\n\n<div class=\"wp-block-group flex-1 has-background is-vertical is-content-justification-stretch is-nowrap is-layout-flex wp-container-core-group-is-layout-c8b092e6 wp-block-group-is-layout-flex\" style=\"border-bottom-left-radius:20px;border-bottom-right-radius:20px;background-color:#ecf3fa;min-height:0px;margin-top:0;margin-bottom:0;padding-top:var(--wp--preset--spacing--40);padding-right:var(--wp--preset--spacing--40);padding-bottom:var(--wp--preset--spacing--30);padding-left:var(--wp--preset--spacing--40)\"><h4 style=\"padding-top:0;padding-bottom:0;padding-left:0;padding-right:0;margin-top:0;margin-bottom:0;\" class=\"flex-1 wp-block-post-title has-medium-font-size\"><a href=\"https:\/\/cruisearoya.com\/de\/cruises\/essence-of-the-arabian-gulf\/\" target=\"_self\" >7 N\u00e4chte Kreuzfahrt ab Dubai, 2027<\/a><\/h4>\n\n\n\n\n<div class=\"wp-block-group is-nowrap is-layout-flex wp-container-core-group-is-layout-3d10de9a wp-block-group-is-layout-flex\" style=\"margin-bottom:-20px\"><a style=\"margin-top:0;margin-bottom:0;\" class=\"wp-elements-257186f92f559e18837609f52815c391 wp-block-read-more has-text-color has-white-color has-background has-custom-brand-main-light-background-color\" href=\"https:\/\/cruisearoya.com\/de\/cruises\/essence-of-the-arabian-gulf\/\" target=\"_self\">Details<span class=\"screen-reader-text\">: 7 N\u00e4chte Kreuzfahrt ab Dubai, 2027<\/span><\/a>\n\n    <div class=\"aroya-button\">\r\n        <a href=\"https:\/\/book.cruisearoya.com\/home\/offer\/JA347059270313?aid=210859&#038;url=\/SEA\/all\/Aroya_Cruises-Aroya\/6_9_nights&#038;focus=JA347059270313\" class=\"button\" target=\"_blank\" rel=\"noopener noreferrer\">\r\n            Jetzt buchen        <\/a>\r\n    <\/div>\r\n<\/div>\n<\/div>\n<\/div>\n\n<\/li><\/ul>\n\n<\/div>\n<\/div>\n<\/div>\n","protected":false},"excerpt":{"rendered":"<p>Aroya Cruises Angebote Exklusive Kreuzfahrtangebote: Begeben Sie sich auf ein unvergessliches arabisches Abenteuer Erleben Sie den Gipfel arabischer Gastfreundschaft mit AROYA Cruises, wo Tradition auf erstklassigen Luxus auf See trifft. Ganz gleich, ob Sie nach einem Last-Minute-Kreuzfahrtangebot suchen oder einen erstklassigen Familienurlaub planen \u2013 unsere exklusiven Angebote bieten Ihnen den perfekten Ausgangspunkt, um das Rote<\/p>\n","protected":false},"author":1,"featured_media":0,"parent":0,"menu_order":0,"comment_status":"closed","ping_status":"closed","template":"page-compact","meta":{"_acf_changed":false,"footnotes":""},"class_list":["post-37174","page","type-page","status-publish","hentry"],"acf":[],"mb":[],"mfb_rest_fields":["title"],"_links":{"self":[{"href":"https:\/\/cruisearoya.com\/de\/wp-json\/wp\/v2\/pages\/37174","targetHints":{"allow":["GET"]}}],"collection":[{"href":"https:\/\/cruisearoya.com\/de\/wp-json\/wp\/v2\/pages"}],"about":[{"href":"https:\/\/cruisearoya.com\/de\/wp-json\/wp\/v2\/types\/page"}],"author":[{"embeddable":true,"href":"https:\/\/cruisearoya.com\/de\/wp-json\/wp\/v2\/users\/1"}],"replies":[{"embeddable":true,"href":"https:\/\/cruisearoya.com\/de\/wp-json\/wp\/v2\/comments?post=37174"}],"version-history":[{"count":4,"href":"https:\/\/cruisearoya.com\/de\/wp-json\/wp\/v2\/pages\/37174\/revisions"}],"predecessor-version":[{"id":37199,"href":"https:\/\/cruisearoya.com\/de\/wp-json\/wp\/v2\/pages\/37174\/revisions\/37199"}],"wp:attachment":[{"href":"https:\/\/cruisearoya.com\/de\/wp-json\/wp\/v2\/media?parent=37174"}],"curies":[{"name":"wp","href":"https:\/\/api.w.org\/{rel}","templated":true}]}}